{"id":2887,"date":"2021-05-07T18:03:05","date_gmt":"2021-05-07T16:03:05","guid":{"rendered":"https:\/\/apartamentyelektrownia.com\/?page_id=2887"},"modified":"2021-05-17T14:30:20","modified_gmt":"2021-05-17T12:30:20","slug":"neighbourhood","status":"publish","type":"page","link":"https:\/\/apartamentyelektrownia.com\/en\/neighbourhood\/","title":{"rendered":"Neighbourhood"},"content":{"rendered":"","protected":false},"excerpt":{"rendered":"","protected":false},"author":1,"featured_media":0,"parent":0,"menu_order":0,"comment_status":"closed","ping_status":"closed","template":"","meta":{"inline_featured_image":false,"footnotes":""},"class_list":["post-2887","page","type-page","status-publish","hentry"],"acf":[],"yoast_head":"<!-- This site is optimized with the Yoast SEO plugin v19.10 - https:\/\/yoast.com\/wordpress\/plugins\/seo\/ -->\n<title>Elektrownia Powi\u015ble Apartments: neighbourhood<\/title>\n<meta name=\"description\" content=\"Apartamenty Elektrownia Powi\u015ble znajduj\u0105 si\u0119 w samym sercu dzielnicy \u2013 tu\u017c przy Bulwarach, kilka minut spacerem do Starego Miasta lub Centrum\" \/>\n<meta name=\"robots\" content=\"index, follow, max-snippet:-1, max-image-preview:large, max-video-preview:-1\" \/>\n<link rel=\"canonical\" href=\"https:\/\/apartamentyelektrownia.com\/en\/neighbourhood\/\" \/>\n<meta property=\"og:locale\" content=\"en_US\" \/>\n<meta property=\"og:type\" content=\"article\" \/>\n<meta property=\"og:title\" content=\"Apartamenty Elektrownia Powi\u015ble: okolica\" \/>\n<meta property=\"og:description\" content=\"Apartamenty Elektrownia Powi\u015ble znajduj\u0105 si\u0119 w samym sercu dzielnicy \u2013 tu\u017c przy Bulwarach, kilka minut spacerem do Starego Miasta lub Centrum\" \/>\n<meta property=\"og:url\" content=\"https:\/\/apartamentyelektrownia.com\/en\/neighbourhood\/\" \/>\n<meta property=\"og:site_name\" content=\"Apartamenty Elektrownia Powi\u015ble\" \/>\n<meta property=\"article:modified_time\" content=\"2021-05-17T12:30:20+00:00\" \/>\n<meta property=\"og:image\" content=\"https:\/\/apartamentyelektrownia.com\/wp-content\/uploads\/2021\/03\/ALL-noc.jpg\" \/>\n\t<meta property=\"og:image:width\" content=\"2000\" \/>\n\t<meta property=\"og:image:height\" content=\"1334\" \/>\n\t<meta property=\"og:image:type\" content=\"image\/jpeg\" \/>\n<meta name=\"twitter:card\" content=\"summary_large_image\" \/>\n<script type=\"application\/ld+json\" class=\"yoast-schema-graph\">{\"@context\":\"https:\/\/schema.org\",\"@graph\":[{\"@type\":\"WebPage\",\"@id\":\"https:\/\/apartamentyelektrownia.com\/en\/neighbourhood\/\",\"url\":\"https:\/\/apartamentyelektrownia.com\/en\/neighbourhood\/\",\"name\":\"Elektrownia Powi\u015ble Apartments: neighbourhood\",\"isPartOf\":{\"@id\":\"https:\/\/apartamentyelektrownia.com\/en\/#website\"},\"datePublished\":\"2021-05-07T16:03:05+00:00\",\"dateModified\":\"2021-05-17T12:30:20+00:00\",\"description\":\"Apartamenty Elektrownia Powi\u015ble znajduj\u0105 si\u0119 w samym sercu dzielnicy \u2013 tu\u017c przy Bulwarach, kilka minut spacerem do Starego Miasta lub Centrum\",\"breadcrumb\":{\"@id\":\"https:\/\/apartamentyelektrownia.com\/en\/neighbourhood\/#breadcrumb\"},\"inLanguage\":\"en-US\",\"potentialAction\":[{\"@type\":\"ReadAction\",\"target\":[\"https:\/\/apartamentyelektrownia.com\/en\/neighbourhood\/\"]}]},{\"@type\":\"BreadcrumbList\",\"@id\":\"https:\/\/apartamentyelektrownia.com\/en\/neighbourhood\/#breadcrumb\",\"itemListElement\":[{\"@type\":\"ListItem\",\"position\":1,\"name\":\"Strona g\u0142\u00f3wna\",\"item\":\"https:\/\/apartamentyelektrownia.com\/en\/\"},{\"@type\":\"ListItem\",\"position\":2,\"name\":\"Neighbourhood\"}]},{\"@type\":\"WebSite\",\"@id\":\"https:\/\/apartamentyelektrownia.com\/en\/#website\",\"url\":\"https:\/\/apartamentyelektrownia.com\/en\/\",\"name\":\"Apartamenty Elektrownia Powi\u015ble\",\"description\":\"Luksusowe apartamenty w Elektrowni Powi\u015ble.\",\"potentialAction\":[{\"@type\":\"SearchAction\",\"target\":{\"@type\":\"EntryPoint\",\"urlTemplate\":\"https:\/\/apartamentyelektrownia.com\/en\/?s={search_term_string}\"},\"query-input\":\"required name=search_term_string\"}],\"inLanguage\":\"en-US\"}]}<\/script>\n<!-- \/ Yoast SEO plugin. -->","yoast_head_json":{"title":"Elektrownia Powi\u015ble Apartments: neighbourhood","description":"Apartamenty Elektrownia Powi\u015ble znajduj\u0105 si\u0119 w samym sercu dzielnicy \u2013 tu\u017c przy Bulwarach, kilka minut spacerem do Starego Miasta lub Centrum","robots":{"index":"index","follow":"follow","max-snippet":"max-snippet:-1","max-image-preview":"max-image-preview:large","max-video-preview":"max-video-preview:-1"},"canonical":"https:\/\/apartamentyelektrownia.com\/en\/neighbourhood\/","og_locale":"en_US","og_type":"article","og_title":"Apartamenty Elektrownia Powi\u015ble: okolica","og_description":"Apartamenty Elektrownia Powi\u015ble znajduj\u0105 si\u0119 w samym sercu dzielnicy \u2013 tu\u017c przy Bulwarach, kilka minut spacerem do Starego Miasta lub Centrum","og_url":"https:\/\/apartamentyelektrownia.com\/en\/neighbourhood\/","og_site_name":"Apartamenty Elektrownia Powi\u015ble","article_modified_time":"2021-05-17T12:30:20+00:00","og_image":[{"width":2000,"height":1334,"url":"https:\/\/apartamentyelektrownia.com\/wp-content\/uploads\/2021\/03\/ALL-noc.jpg","type":"image\/jpeg"}],"twitter_card":"summary_large_image","schema":{"@context":"https:\/\/schema.org","@graph":[{"@type":"WebPage","@id":"https:\/\/apartamentyelektrownia.com\/en\/neighbourhood\/","url":"https:\/\/apartamentyelektrownia.com\/en\/neighbourhood\/","name":"Elektrownia Powi\u015ble Apartments: neighbourhood","isPartOf":{"@id":"https:\/\/apartamentyelektrownia.com\/en\/#website"},"datePublished":"2021-05-07T16:03:05+00:00","dateModified":"2021-05-17T12:30:20+00:00","description":"Apartamenty Elektrownia Powi\u015ble znajduj\u0105 si\u0119 w samym sercu dzielnicy \u2013 tu\u017c przy Bulwarach, kilka minut spacerem do Starego Miasta lub Centrum","breadcrumb":{"@id":"https:\/\/apartamentyelektrownia.com\/en\/neighbourhood\/#breadcrumb"},"inLanguage":"en-US","potentialAction":[{"@type":"ReadAction","target":["https:\/\/apartamentyelektrownia.com\/en\/neighbourhood\/"]}]},{"@type":"BreadcrumbList","@id":"https:\/\/apartamentyelektrownia.com\/en\/neighbourhood\/#breadcrumb","itemListElement":[{"@type":"ListItem","position":1,"name":"Strona g\u0142\u00f3wna","item":"https:\/\/apartamentyelektrownia.com\/en\/"},{"@type":"ListItem","position":2,"name":"Neighbourhood"}]},{"@type":"WebSite","@id":"https:\/\/apartamentyelektrownia.com\/en\/#website","url":"https:\/\/apartamentyelektrownia.com\/en\/","name":"Apartamenty Elektrownia Powi\u015ble","description":"Luksusowe apartamenty w Elektrowni Powi\u015ble.","potentialAction":[{"@type":"SearchAction","target":{"@type":"EntryPoint","urlTemplate":"https:\/\/apartamentyelektrownia.com\/en\/?s={search_term_string}"},"query-input":"required name=search_term_string"}],"inLanguage":"en-US"}]}},"_links":{"self":[{"href":"https:\/\/apartamentyelektrownia.com\/en\/wp-json\/wp\/v2\/pages\/2887","targetHints":{"allow":["GET"]}}],"collection":[{"href":"https:\/\/apartamentyelektrownia.com\/en\/wp-json\/wp\/v2\/pages"}],"about":[{"href":"https:\/\/apartamentyelektrownia.com\/en\/wp-json\/wp\/v2\/types\/page"}],"author":[{"embeddable":true,"href":"https:\/\/apartamentyelektrownia.com\/en\/wp-json\/wp\/v2\/users\/1"}],"replies":[{"embeddable":true,"href":"https:\/\/apartamentyelektrownia.com\/en\/wp-json\/wp\/v2\/comments?post=2887"}],"version-history":[{"count":4,"href":"https:\/\/apartamentyelektrownia.com\/en\/wp-json\/wp\/v2\/pages\/2887\/revisions"}],"predecessor-version":[{"id":3150,"href":"https:\/\/apartamentyelektrownia.com\/en\/wp-json\/wp\/v2\/pages\/2887\/revisions\/3150"}],"wp:attachment":[{"href":"https:\/\/apartamentyelektrownia.com\/en\/wp-json\/wp\/v2\/media?parent=2887"}],"curies":[{"name":"wp","href":"https:\/\/api.w.org\/{rel}","templated":true}]}}