{"id":2891,"date":"2021-03-23T12:18:05","date_gmt":"2021-03-23T11:18:05","guid":{"rendered":"https:\/\/apartamentyelektrownia.com\/historia-elektrowni-powisle\/"},"modified":"2021-05-07T23:33:37","modified_gmt":"2021-05-07T21:33:37","slug":"history-of-elektrownia-powisle","status":"publish","type":"page","link":"https:\/\/apartamentyelektrownia.com\/en\/history-of-elektrownia-powisle\/","title":{"rendered":"History"},"content":{"rendered":"","protected":false},"excerpt":{"rendered":"","protected":false},"author":1,"featured_media":0,"parent":0,"menu_order":0,"comment_status":"closed","ping_status":"closed","template":"","meta":{"inline_featured_image":false,"footnotes":""},"class_list":["post-2891","page","type-page","status-publish","hentry"],"acf":[],"yoast_head":"<!-- This site is optimized with the Yoast SEO plugin v19.10 - https:\/\/yoast.com\/wordpress\/plugins\/seo\/ -->\n<title>History of Elektrownia Powi\u015ble | Elektrownia Apartments<\/title>\n<meta name=\"description\" content=\"Apartamenty Elektrownia s\u0105 cz\u0119\u015bci\u0105 niezwyk\u0142ego kompleksu. Historia Elektrowni Powi\u015ble jest \u015bci\u015ble powi\u0105zana z wyj\u0105tkow\u0105 architektur\u0105 obiektu.\" \/>\n<meta name=\"robots\" content=\"index, follow, max-snippet:-1, max-image-preview:large, max-video-preview:-1\" \/>\n<link rel=\"canonical\" href=\"https:\/\/apartamentyelektrownia.com\/en\/history-of-elektrownia-powisle\/\" \/>\n<meta property=\"og:locale\" content=\"en_US\" \/>\n<meta property=\"og:type\" content=\"article\" \/>\n<meta property=\"og:title\" content=\"History of Elektrownia Powi\u015ble | Elektrownia Apartments\" \/>\n<meta property=\"og:description\" content=\"Apartamenty Elektrownia s\u0105 cz\u0119\u015bci\u0105 niezwyk\u0142ego kompleksu. Historia Elektrowni Powi\u015ble jest \u015bci\u015ble powi\u0105zana z wyj\u0105tkow\u0105 architektur\u0105 obiektu.\" \/>\n<meta property=\"og:url\" content=\"https:\/\/apartamentyelektrownia.com\/en\/history-of-elektrownia-powisle\/\" \/>\n<meta property=\"og:site_name\" content=\"Apartamenty Elektrownia Powi\u015ble\" \/>\n<meta property=\"article:modified_time\" content=\"2021-05-07T21:33:37+00:00\" \/>\n<meta property=\"og:image\" content=\"https:\/\/apartamentyelektrownia.com\/wp-content\/uploads\/2021\/03\/history-2.jpg\" \/>\n\t<meta property=\"og:image:width\" content=\"632\" \/>\n\t<meta property=\"og:image:height\" content=\"563\" \/>\n\t<meta property=\"og:image:type\" content=\"image\/jpeg\" \/>\n<meta name=\"twitter:card\" content=\"summary_large_image\" \/>\n<script type=\"application\/ld+json\" class=\"yoast-schema-graph\">{\"@context\":\"https:\/\/schema.org\",\"@graph\":[{\"@type\":\"WebPage\",\"@id\":\"https:\/\/apartamentyelektrownia.com\/en\/history-of-elektrownia-powisle\/\",\"url\":\"https:\/\/apartamentyelektrownia.com\/en\/history-of-elektrownia-powisle\/\",\"name\":\"History of Elektrownia Powi\u015ble | Elektrownia Apartments\",\"isPartOf\":{\"@id\":\"https:\/\/apartamentyelektrownia.com\/en\/#website\"},\"datePublished\":\"2021-03-23T11:18:05+00:00\",\"dateModified\":\"2021-05-07T21:33:37+00:00\",\"description\":\"Apartamenty Elektrownia s\u0105 cz\u0119\u015bci\u0105 niezwyk\u0142ego kompleksu. Historia Elektrowni Powi\u015ble jest \u015bci\u015ble powi\u0105zana z wyj\u0105tkow\u0105 architektur\u0105 obiektu.\",\"breadcrumb\":{\"@id\":\"https:\/\/apartamentyelektrownia.com\/en\/history-of-elektrownia-powisle\/#breadcrumb\"},\"inLanguage\":\"en-US\",\"potentialAction\":[{\"@type\":\"ReadAction\",\"target\":[\"https:\/\/apartamentyelektrownia.com\/en\/history-of-elektrownia-powisle\/\"]}]},{\"@type\":\"BreadcrumbList\",\"@id\":\"https:\/\/apartamentyelektrownia.com\/en\/history-of-elektrownia-powisle\/#breadcrumb\",\"itemListElement\":[{\"@type\":\"ListItem\",\"position\":1,\"name\":\"Strona g\u0142\u00f3wna\",\"item\":\"https:\/\/apartamentyelektrownia.com\/en\/\"},{\"@type\":\"ListItem\",\"position\":2,\"name\":\"History\"}]},{\"@type\":\"WebSite\",\"@id\":\"https:\/\/apartamentyelektrownia.com\/en\/#website\",\"url\":\"https:\/\/apartamentyelektrownia.com\/en\/\",\"name\":\"Apartamenty Elektrownia Powi\u015ble\",\"description\":\"Luksusowe apartamenty w Elektrowni Powi\u015ble.\",\"potentialAction\":[{\"@type\":\"SearchAction\",\"target\":{\"@type\":\"EntryPoint\",\"urlTemplate\":\"https:\/\/apartamentyelektrownia.com\/en\/?s={search_term_string}\"},\"query-input\":\"required name=search_term_string\"}],\"inLanguage\":\"en-US\"}]}<\/script>\n<!-- \/ Yoast SEO plugin. -->","yoast_head_json":{"title":"History of Elektrownia Powi\u015ble | Elektrownia Apartments","description":"Apartamenty Elektrownia s\u0105 cz\u0119\u015bci\u0105 niezwyk\u0142ego kompleksu. Historia Elektrowni Powi\u015ble jest \u015bci\u015ble powi\u0105zana z wyj\u0105tkow\u0105 architektur\u0105 obiektu.","robots":{"index":"index","follow":"follow","max-snippet":"max-snippet:-1","max-image-preview":"max-image-preview:large","max-video-preview":"max-video-preview:-1"},"canonical":"https:\/\/apartamentyelektrownia.com\/en\/history-of-elektrownia-powisle\/","og_locale":"en_US","og_type":"article","og_title":"History of Elektrownia Powi\u015ble | Elektrownia Apartments","og_description":"Apartamenty Elektrownia s\u0105 cz\u0119\u015bci\u0105 niezwyk\u0142ego kompleksu. Historia Elektrowni Powi\u015ble jest \u015bci\u015ble powi\u0105zana z wyj\u0105tkow\u0105 architektur\u0105 obiektu.","og_url":"https:\/\/apartamentyelektrownia.com\/en\/history-of-elektrownia-powisle\/","og_site_name":"Apartamenty Elektrownia Powi\u015ble","article_modified_time":"2021-05-07T21:33:37+00:00","og_image":[{"width":632,"height":563,"url":"https:\/\/apartamentyelektrownia.com\/wp-content\/uploads\/2021\/03\/history-2.jpg","type":"image\/jpeg"}],"twitter_card":"summary_large_image","schema":{"@context":"https:\/\/schema.org","@graph":[{"@type":"WebPage","@id":"https:\/\/apartamentyelektrownia.com\/en\/history-of-elektrownia-powisle\/","url":"https:\/\/apartamentyelektrownia.com\/en\/history-of-elektrownia-powisle\/","name":"History of Elektrownia Powi\u015ble | Elektrownia Apartments","isPartOf":{"@id":"https:\/\/apartamentyelektrownia.com\/en\/#website"},"datePublished":"2021-03-23T11:18:05+00:00","dateModified":"2021-05-07T21:33:37+00:00","description":"Apartamenty Elektrownia s\u0105 cz\u0119\u015bci\u0105 niezwyk\u0142ego kompleksu. Historia Elektrowni Powi\u015ble jest \u015bci\u015ble powi\u0105zana z wyj\u0105tkow\u0105 architektur\u0105 obiektu.","breadcrumb":{"@id":"https:\/\/apartamentyelektrownia.com\/en\/history-of-elektrownia-powisle\/#breadcrumb"},"inLanguage":"en-US","potentialAction":[{"@type":"ReadAction","target":["https:\/\/apartamentyelektrownia.com\/en\/history-of-elektrownia-powisle\/"]}]},{"@type":"BreadcrumbList","@id":"https:\/\/apartamentyelektrownia.com\/en\/history-of-elektrownia-powisle\/#breadcrumb","itemListElement":[{"@type":"ListItem","position":1,"name":"Strona g\u0142\u00f3wna","item":"https:\/\/apartamentyelektrownia.com\/en\/"},{"@type":"ListItem","position":2,"name":"History"}]},{"@type":"WebSite","@id":"https:\/\/apartamentyelektrownia.com\/en\/#website","url":"https:\/\/apartamentyelektrownia.com\/en\/","name":"Apartamenty Elektrownia Powi\u015ble","description":"Luksusowe apartamenty w Elektrowni Powi\u015ble.","potentialAction":[{"@type":"SearchAction","target":{"@type":"EntryPoint","urlTemplate":"https:\/\/apartamentyelektrownia.com\/en\/?s={search_term_string}"},"query-input":"required name=search_term_string"}],"inLanguage":"en-US"}]}},"_links":{"self":[{"href":"https:\/\/apartamentyelektrownia.com\/en\/wp-json\/wp\/v2\/pages\/2891","targetHints":{"allow":["GET"]}}],"collection":[{"href":"https:\/\/apartamentyelektrownia.com\/en\/wp-json\/wp\/v2\/pages"}],"about":[{"href":"https:\/\/apartamentyelektrownia.com\/en\/wp-json\/wp\/v2\/types\/page"}],"author":[{"embeddable":true,"href":"https:\/\/apartamentyelektrownia.com\/en\/wp-json\/wp\/v2\/users\/1"}],"replies":[{"embeddable":true,"href":"https:\/\/apartamentyelektrownia.com\/en\/wp-json\/wp\/v2\/comments?post=2891"}],"version-history":[{"count":2,"href":"https:\/\/apartamentyelektrownia.com\/en\/wp-json\/wp\/v2\/pages\/2891\/revisions"}],"predecessor-version":[{"id":2941,"href":"https:\/\/apartamentyelektrownia.com\/en\/wp-json\/wp\/v2\/pages\/2891\/revisions\/2941"}],"wp:attachment":[{"href":"https:\/\/apartamentyelektrownia.com\/en\/wp-json\/wp\/v2\/media?parent=2891"}],"curies":[{"name":"wp","href":"https:\/\/api.w.org\/{rel}","templated":true}]}}